{"id":119521,"date":"2025-03-06T12:30:57","date_gmt":"2025-03-06T11:30:57","guid":{"rendered":"http:\/\/silbanapodcast.com\/CLIENTES\/SILBANA25\/?page_id=119521"},"modified":"2025-03-10T13:24:43","modified_gmt":"2025-03-10T12:24:43","slug":"publicaciones-silbana-2","status":"publish","type":"page","link":"http:\/\/silbanapodcast.com\/CLIENTES\/SILBANA25\/publicaciones-silbana-2\/","title":{"rendered":"Publicaciones Silbana"},"content":{"rendered":"\t\t<div data-elementor-type=\"wp-page\" data-elementor-id=\"119521\" class=\"elementor elementor-119521\" data-elementor-post-type=\"page\">\n\t\t\t\t<div class=\"elementor-element elementor-element-7d5938f e-con-full e-flex e-con e-parent\" data-id=\"7d5938f\" data-element_type=\"container\" data-settings=\"{&quot;background_background&quot;:&quot;classic&quot;}\">\n\t\t\t\t<div class=\"elementor-element elementor-element-8450509 elementor-widget elementor-widget-spacer\" data-id=\"8450509\" data-element_type=\"widget\" data-widget_type=\"spacer.default\">\n\t\t\t\t<div class=\"elementor-widget-container\">\n\t\t\t\t\t\t\t<div class=\"elementor-spacer\">\n\t\t\t<div class=\"elementor-spacer-inner\"><\/div>\n\t\t<\/div>\n\t\t\t\t\t\t<\/div>\n\t\t\t\t<\/div>\n\t\t<div class=\"elementor-element elementor-element-8598282 e-flex e-con-boxed e-con e-child\" data-id=\"8598282\" data-element_type=\"container\">\n\t\t\t\t\t<div class=\"e-con-inner\">\n\t\t<div class=\"elementor-element elementor-element-bb81348 e-flex e-con-boxed e-con e-child\" data-id=\"bb81348\" data-element_type=\"container\">\n\t\t\t\t\t<div class=\"e-con-inner\">\n\t\t\t\t<div class=\"elementor-element elementor-element-4cae481 elementor-widget elementor-widget-spacer\" data-id=\"4cae481\" data-element_type=\"widget\" data-widget_type=\"spacer.default\">\n\t\t\t\t<div class=\"elementor-widget-container\">\n\t\t\t\t\t\t\t<div class=\"elementor-spacer\">\n\t\t\t<div class=\"elementor-spacer-inner\"><\/div>\n\t\t<\/div>\n\t\t\t\t\t\t<\/div>\n\t\t\t\t<\/div>\n\t\t\t\t<div class=\"elementor-element elementor-element-d3a6ea9 aleft elementor-widget elementor-widget-wgl-text-editor\" data-id=\"d3a6ea9\" data-element_type=\"widget\" data-widget_type=\"wgl-text-editor.default\">\n\t\t\t\t<div class=\"elementor-widget-container\">\n\t\t\t\t\t<div class=\"wgl-text-editor loop_animation\"><h3 class=\"text-editor_wrapper\"><span class=\" elementor-repeater-item-5f1fe1d\">Publicaciones <\/span><\/h3><div class=\"text-editor_wrapper text-editor_wrapper-clone\"><span class=\" elementor-repeater-item-5f1fe1d\">Publicaciones <\/span><span class=\" elementor-repeater-item-5f1fe1d\">Publicaciones <\/span><\/div><div class=\"text-editor_wrapper text-editor_wrapper-clone\"><span class=\" elementor-repeater-item-5f1fe1d\">Publicaciones <\/span><span class=\" elementor-repeater-item-5f1fe1d\">Publicaciones <\/span><\/div><\/div>\t\t\t\t<\/div>\n\t\t\t\t<\/div>\n\t\t\t\t<div class=\"elementor-element elementor-element-e414328 elementor-widget elementor-widget-spacer\" data-id=\"e414328\" data-element_type=\"widget\" data-widget_type=\"spacer.default\">\n\t\t\t\t<div class=\"elementor-widget-container\">\n\t\t\t\t\t\t\t<div class=\"elementor-spacer\">\n\t\t\t<div class=\"elementor-spacer-inner\"><\/div>\n\t\t<\/div>\n\t\t\t\t\t\t<\/div>\n\t\t\t\t<\/div>\n\t\t\t\t<div class=\"elementor-element elementor-element-8eb98ff acenter elementor-widget__width-initial animated-slow visibility-always elementor-invisible elementor-widget elementor-widget-wgl-text-editor\" data-id=\"8eb98ff\" data-element_type=\"widget\" data-settings=\"{&quot;_animation&quot;:&quot;fadeIn&quot;,&quot;_animation_delay&quot;:100}\" data-widget_type=\"wgl-text-editor.default\">\n\t\t\t\t<div class=\"elementor-widget-container\">\n\t\t\t\t\t<div class=\"wgl-text-editor mask_effect\"><h3 class=\"text-editor_wrapper\"><span>Blog - P\u00f3dcast<\/span><\/h3><div class=\"text-editor_wrapper text-editor_wrapper-clone\"><span>Blog - P\u00f3dcast<\/span><\/div><\/div>\t\t\t\t<\/div>\n\t\t\t\t<\/div>\n\t\t\t\t\t<\/div>\n\t\t\t\t<\/div>\n\t\t\t\t\t<\/div>\n\t\t\t\t<\/div>\n\t\t<div class=\"elementor-element elementor-element-6b09d36 elementor-hidden-mobile e-flex e-con-boxed e-con e-child\" data-id=\"6b09d36\" data-element_type=\"container\">\n\t\t\t\t\t<div class=\"e-con-inner\">\n\t\t<div class=\"elementor-element elementor-element-385aa36 e-con-full e-flex e-con e-child\" data-id=\"385aa36\" data-element_type=\"container\">\n\t\t\t\t<div class=\"elementor-element elementor-element-43be319 aleft elementor-widget elementor-widget-wgl-button\" data-id=\"43be319\" data-element_type=\"widget\" data-widget_type=\"wgl-button.default\">\n\t\t\t\t<div class=\"elementor-widget-container\">\n\t\t\t\t\t<a class=\"wgl-button btn-size-xl \" role=\"button\" href=\"http:\/\/silbanapodcast.com\/CLIENTES\/SILBANA25\/contacts\/\"><div class=\"button__content \"><span class=\"button__text\">proyecto creativo<\/span><\/div><\/a>\t\t\t\t<\/div>\n\t\t\t\t<\/div>\n\t\t<div class=\"elementor-element elementor-element-5d05e78 e-flex e-con-boxed e-con e-child\" data-id=\"5d05e78\" data-element_type=\"container\">\n\t\t\t\t\t<div class=\"e-con-inner\">\n\t\t\t\t\t<\/div>\n\t\t\t\t<\/div>\n\t\t\t\t<div class=\"elementor-element elementor-element-4c817c9 elementor-widget elementor-widget-spacer\" data-id=\"4c817c9\" data-element_type=\"widget\" data-widget_type=\"spacer.default\">\n\t\t\t\t<div class=\"elementor-widget-container\">\n\t\t\t\t\t\t\t<div class=\"elementor-spacer\">\n\t\t\t<div class=\"elementor-spacer-inner\"><\/div>\n\t\t<\/div>\n\t\t\t\t\t\t<\/div>\n\t\t\t\t<\/div>\n\t\t\t\t<\/div>\n\t\t<div class=\"elementor-element elementor-element-6c54600 elementor-hidden-mobile e-flex e-con-boxed e-con e-child\" data-id=\"6c54600\" data-element_type=\"container\">\n\t\t\t\t\t<div class=\"e-con-inner\">\n\t\t\t\t\t<\/div>\n\t\t\t\t<\/div>\n\t\t\t\t\t<\/div>\n\t\t\t\t<\/div>\n\t\t\t\t<div class=\"elementor-element elementor-element-8f47905 elementor-widget elementor-widget-spacer\" data-id=\"8f47905\" data-element_type=\"widget\" data-widget_type=\"spacer.default\">\n\t\t\t\t<div class=\"elementor-widget-container\">\n\t\t\t\t\t\t\t<div class=\"elementor-spacer\">\n\t\t\t<div class=\"elementor-spacer-inner\"><\/div>\n\t\t<\/div>\n\t\t\t\t\t\t<\/div>\n\t\t\t\t<\/div>\n\t\t\t\t<\/div>\n\t\t<div class=\"elementor-element elementor-element-6da956f e-flex e-con-boxed e-con e-parent\" data-id=\"6da956f\" data-element_type=\"container\" data-settings=\"{&quot;background_background&quot;:&quot;classic&quot;}\">\n\t\t\t\t\t<div class=\"e-con-inner\">\n\t\t<div class=\"elementor-element elementor-element-7b26a9a e-flex e-con-boxed e-con e-child\" data-id=\"7b26a9a\" data-element_type=\"container\">\n\t\t\t\t\t<div class=\"e-con-inner\">\n\t\t\t\t<div class=\"elementor-element elementor-element-8594596 elementor-widget elementor-widget-spacer\" data-id=\"8594596\" data-element_type=\"widget\" data-widget_type=\"spacer.default\">\n\t\t\t\t<div class=\"elementor-widget-container\">\n\t\t\t\t\t\t\t<div class=\"elementor-spacer\">\n\t\t\t<div class=\"elementor-spacer-inner\"><\/div>\n\t\t<\/div>\n\t\t\t\t\t\t<\/div>\n\t\t\t\t<\/div>\n\t\t\t\t\t<\/div>\n\t\t\t\t<\/div>\n\t\t\t\t\t<\/div>\n\t\t\t\t<\/div>\n\t\t<div class=\"elementor-element elementor-element-f8ce644 e-flex e-con-boxed e-con e-parent\" data-id=\"f8ce644\" data-element_type=\"container\">\n\t\t\t\t\t<div class=\"e-con-inner\">\n\t\t<div class=\"elementor-element elementor-element-b4a9690 e-flex e-con-boxed e-con e-child\" data-id=\"b4a9690\" data-element_type=\"container\">\n\t\t\t\t\t<div class=\"e-con-inner\">\n\t\t\t\t\t<\/div>\n\t\t\t\t<\/div>\n\t\t<div class=\"elementor-element elementor-element-edd7f18 e-flex e-con-boxed e-con e-child\" data-id=\"edd7f18\" data-element_type=\"container\">\n\t\t\t\t\t<div class=\"e-con-inner\">\n\t\t\t\t<div class=\"elementor-element elementor-element-b8db7d1 elementor-widget elementor-widget-spacer\" data-id=\"b8db7d1\" data-element_type=\"widget\" data-widget_type=\"spacer.default\">\n\t\t\t\t<div class=\"elementor-widget-container\">\n\t\t\t\t\t\t\t<div class=\"elementor-spacer\">\n\t\t\t<div class=\"elementor-spacer-inner\"><\/div>\n\t\t<\/div>\n\t\t\t\t\t\t<\/div>\n\t\t\t\t<\/div>\n\t\t\t\t\t<\/div>\n\t\t\t\t<\/div>\n\t\t\t\t\t<\/div>\n\t\t\t\t<\/div>\n\t\t<div class=\"elementor-element elementor-element-3089e5f e-flex e-con-boxed e-con e-parent\" data-id=\"3089e5f\" data-element_type=\"container\">\n\t\t\t\t\t<div class=\"e-con-inner\">\n\t\t<div class=\"elementor-element elementor-element-1fcf9b9 e-flex e-con-boxed e-con e-child\" data-id=\"1fcf9b9\" data-element_type=\"container\">\n\t\t\t\t\t<div class=\"e-con-inner\">\n\t\t\t\t<div class=\"elementor-element elementor-element-edb548d nav-left elementor-widget elementor-widget-wgl-blog-hero\" data-id=\"edb548d\" data-element_type=\"widget\" data-settings=\"{&quot;blog_columns&quot;:&quot;4&quot;}\" data-widget_type=\"wgl-blog-hero.default\">\n\t\t\t\t<div class=\"elementor-widget-container\">\n\t\t\t\t\t<section class=\"wgl_cpt_section\"><div class=\"blog-posts\"><div class=\"container-grid row blog_columns-3 grid blog-style-standard\">    <div class=\"item wgl_col-4\">\n    <div class=\"blog-post blog-hero format-standard-image\">\n    <div class=\"blog-post_wrapper\"><div class=\"blog-post_bg_media\" style=\"background-image: url(http:\/\/silbanapodcast.com\/CLIENTES\/SILBANA25\/wp-content\/uploads\/2025\/02\/podcast-1170x725.jpg)\" ><\/div>    <div class=\"blog-post_content\"><a href=\"http:\/\/silbanapodcast.com\/CLIENTES\/SILBANA25\/los-podcast-de-empresa\/\" class=\"media-link image-overlay\"><\/a><div class=\"blog-post_content-top\"><span class=\"post_categories\"><span><a  style=\"color: #232323;\" href=\"http:\/\/silbanapodcast.com\/CLIENTES\/SILBANA25\/category\/podcast\/\" >P\u00f3dcast<\/a><\/span><\/span><\/div><div class=\"blog-post_content-bot\"><div class=\"post_meta-wrap\"><div class=\"meta-data\"><span class=\"post_date\">20 de febrero de 2025<\/span><\/div><\/div><h3 title=\"Los p\u00f3dcast de empresa\" class=\"blog-post_title\"><a href=\"http:\/\/silbanapodcast.com\/CLIENTES\/SILBANA25\/los-podcast-de-empresa\/\"><span>Los p\u00f3dcast de empresa<\/span><\/a><\/h3><div class=\"clear\"><\/div><div class=\"blog-post_footer\">\n            <div class=\"read-more-wrap\">\n                <a href=\"http:\/\/silbanapodcast.com\/CLIENTES\/SILBANA25\/los-podcast-de-empresa\/\" class=\"button-read-more\"><span>Read More<\/span>                <\/a>\n            <\/div>\n        <\/div>    <\/div>\n    <\/div>\n    <\/div>\n    <\/div>\n    <\/div>    <div class=\"item wgl_col-4\">\n    <div class=\"blog-post blog-hero format-standard-image\">\n    <div class=\"blog-post_wrapper\"><div class=\"blog-post_bg_media\" style=\"background-image: url(http:\/\/silbanapodcast.com\/CLIENTES\/SILBANA25\/wp-content\/uploads\/2025\/02\/comic-1170x725.jpg)\" ><\/div>    <div class=\"blog-post_content\"><a href=\"http:\/\/silbanapodcast.com\/CLIENTES\/SILBANA25\/el-no-comic-nuestro-proyecto-mas-inaudito\/\" class=\"media-link image-overlay\"><\/a><div class=\"blog-post_content-top\"><span class=\"post_categories\"><span><a  style=\"color: #232323;\" href=\"http:\/\/silbanapodcast.com\/CLIENTES\/SILBANA25\/category\/podcast\/\" >P\u00f3dcast<\/a><\/span><\/span><\/div><div class=\"blog-post_content-bot\"><div class=\"post_meta-wrap\"><div class=\"meta-data\"><span class=\"post_date\">20 de febrero de 2025<\/span><\/div><\/div><h3 title=\"El no comic, nuestro proyecto m\u00e1s inaudito\" class=\"blog-post_title\"><a href=\"http:\/\/silbanapodcast.com\/CLIENTES\/SILBANA25\/el-no-comic-nuestro-proyecto-mas-inaudito\/\"><span>El no comic, nuestro proyecto m\u00e1s inaudito<\/span><\/a><\/h3><div class=\"clear\"><\/div><div class=\"blog-post_footer\">\n            <div class=\"read-more-wrap\">\n                <a href=\"http:\/\/silbanapodcast.com\/CLIENTES\/SILBANA25\/el-no-comic-nuestro-proyecto-mas-inaudito\/\" class=\"button-read-more\"><span>Read More<\/span>                <\/a>\n            <\/div>\n        <\/div>    <\/div>\n    <\/div>\n    <\/div>\n    <\/div>\n    <\/div>    <div class=\"item wgl_col-4\">\n    <div class=\"blog-post blog-hero format-standard-image\">\n    <div class=\"blog-post_wrapper\"><div class=\"blog-post_bg_media\" style=\"background-image: url(http:\/\/silbanapodcast.com\/CLIENTES\/SILBANA25\/wp-content\/uploads\/2025\/02\/financieros_pod-1170x725.jpg)\" ><\/div>    <div class=\"blog-post_content\"><a href=\"http:\/\/silbanapodcast.com\/CLIENTES\/SILBANA25\/terminos-financieros-para-no-financieros\/\" class=\"media-link image-overlay\"><\/a><div class=\"blog-post_content-top\"><span class=\"post_categories\"><span><a  style=\"color: #232323;\" href=\"http:\/\/silbanapodcast.com\/CLIENTES\/SILBANA25\/category\/podcast\/\" >P\u00f3dcast<\/a><\/span><\/span><\/div><div class=\"blog-post_content-bot\"><div class=\"post_meta-wrap\"><div class=\"meta-data\"><span class=\"post_date\">20 de febrero de 2025<\/span><\/div><\/div><h3 title=\"T\u00e9rminos financieros para no financieros\" class=\"blog-post_title\"><a href=\"http:\/\/silbanapodcast.com\/CLIENTES\/SILBANA25\/terminos-financieros-para-no-financieros\/\"><span>T\u00e9rminos financieros para no financieros<\/span><\/a><\/h3><div class=\"clear\"><\/div><div class=\"blog-post_footer\">\n            <div class=\"read-more-wrap\">\n                <a href=\"http:\/\/silbanapodcast.com\/CLIENTES\/SILBANA25\/terminos-financieros-para-no-financieros\/\" class=\"button-read-more\"><span>Read More<\/span>                <\/a>\n            <\/div>\n        <\/div>    <\/div>\n    <\/div>\n    <\/div>\n    <\/div>\n    <\/div>    <div class=\"item wgl_col-4\">\n    <div class=\"blog-post blog-hero format-standard-image\">\n    <div class=\"blog-post_wrapper\"><div class=\"blog-post_bg_media\" style=\"background-image: url(http:\/\/silbanapodcast.com\/CLIENTES\/SILBANA25\/wp-content\/uploads\/2025\/02\/plan_pod-1170x725.jpg)\" ><\/div>    <div class=\"blog-post_content\"><a href=\"http:\/\/silbanapodcast.com\/CLIENTES\/SILBANA25\/el-plan-de-negocio\/\" class=\"media-link image-overlay\"><\/a><div class=\"blog-post_content-top\"><span class=\"post_categories\"><span><a  style=\"color: #232323;\" href=\"http:\/\/silbanapodcast.com\/CLIENTES\/SILBANA25\/category\/podcast\/\" >P\u00f3dcast<\/a><\/span><\/span><\/div><div class=\"blog-post_content-bot\"><div class=\"post_meta-wrap\"><div class=\"meta-data\"><span class=\"post_date\">20 de febrero de 2025<\/span><\/div><\/div><h3 title=\"El plan de negocio\" class=\"blog-post_title\"><a href=\"http:\/\/silbanapodcast.com\/CLIENTES\/SILBANA25\/el-plan-de-negocio\/\"><span>El plan de negocio<\/span><\/a><\/h3><div class=\"clear\"><\/div><div class=\"blog-post_footer\">\n            <div class=\"read-more-wrap\">\n                <a href=\"http:\/\/silbanapodcast.com\/CLIENTES\/SILBANA25\/el-plan-de-negocio\/\" class=\"button-read-more\"><span>Read More<\/span>                <\/a>\n            <\/div>\n        <\/div>    <\/div>\n    <\/div>\n    <\/div>\n    <\/div>\n    <\/div>    <div class=\"item wgl_col-4\">\n    <div class=\"blog-post blog-hero format-standard-image\">\n    <div class=\"blog-post_wrapper\"><div class=\"blog-post_bg_media\" style=\"background-image: url(http:\/\/silbanapodcast.com\/CLIENTES\/SILBANA25\/wp-content\/uploads\/2025\/02\/nami-1170x725.jpg)\" ><\/div>    <div class=\"blog-post_content\"><a href=\"http:\/\/silbanapodcast.com\/CLIENTES\/SILBANA25\/sobre-el-naming\/\" class=\"media-link image-overlay\"><\/a><div class=\"blog-post_content-top\"><span class=\"post_categories\"><span><a  style=\"color: #232323;\" href=\"http:\/\/silbanapodcast.com\/CLIENTES\/SILBANA25\/category\/podcast\/\" >P\u00f3dcast<\/a><\/span><\/span><\/div><div class=\"blog-post_content-bot\"><div class=\"post_meta-wrap\"><div class=\"meta-data\"><span class=\"post_date\">20 de febrero de 2025<\/span><\/div><\/div><h3 title=\"Sobre el naming\" class=\"blog-post_title\"><a href=\"http:\/\/silbanapodcast.com\/CLIENTES\/SILBANA25\/sobre-el-naming\/\"><span>Sobre el naming<\/span><\/a><\/h3><div class=\"clear\"><\/div><div class=\"blog-post_footer\">\n            <div class=\"read-more-wrap\">\n                <a href=\"http:\/\/silbanapodcast.com\/CLIENTES\/SILBANA25\/sobre-el-naming\/\" class=\"button-read-more\"><span>Read More<\/span>                <\/a>\n            <\/div>\n        <\/div>    <\/div>\n    <\/div>\n    <\/div>\n    <\/div>\n    <\/div>    <div class=\"item wgl_col-4\">\n    <div class=\"blog-post blog-hero format-standard-image\">\n    <div class=\"blog-post_wrapper\"><div class=\"blog-post_bg_media\" style=\"background-image: url(http:\/\/silbanapodcast.com\/CLIENTES\/SILBANA25\/wp-content\/uploads\/2025\/02\/tie-1170x725.jpg)\" ><\/div>    <div class=\"blog-post_content\"><a href=\"http:\/\/silbanapodcast.com\/CLIENTES\/SILBANA25\/la-tienda-online\/\" class=\"media-link image-overlay\"><\/a><div class=\"blog-post_content-top\"><span class=\"post_categories\"><span><a  style=\"color: #232323;\" href=\"http:\/\/silbanapodcast.com\/CLIENTES\/SILBANA25\/category\/podcast\/\" >P\u00f3dcast<\/a><\/span><\/span><\/div><div class=\"blog-post_content-bot\"><div class=\"post_meta-wrap\"><div class=\"meta-data\"><span class=\"post_date\">20 de febrero de 2025<\/span><\/div><\/div><h3 title=\"La tienda online\" class=\"blog-post_title\"><a href=\"http:\/\/silbanapodcast.com\/CLIENTES\/SILBANA25\/la-tienda-online\/\"><span>La tienda online<\/span><\/a><\/h3><div class=\"clear\"><\/div><div class=\"blog-post_footer\">\n            <div class=\"read-more-wrap\">\n                <a href=\"http:\/\/silbanapodcast.com\/CLIENTES\/SILBANA25\/la-tienda-online\/\" class=\"button-read-more\"><span>Read More<\/span>                <\/a>\n            <\/div>\n        <\/div>    <\/div>\n    <\/div>\n    <\/div>\n    <\/div>\n    <\/div>    <div class=\"item wgl_col-4\">\n    <div class=\"blog-post blog-hero format-standard-image\">\n    <div class=\"blog-post_wrapper\"><div class=\"blog-post_bg_media\" style=\"background-image: url(http:\/\/silbanapodcast.com\/CLIENTES\/SILBANA25\/wp-content\/uploads\/2025\/02\/cowor-1170x725.jpg)\" ><\/div>    <div class=\"blog-post_content\"><a href=\"http:\/\/silbanapodcast.com\/CLIENTES\/SILBANA25\/sobre-los-coworking\/\" class=\"media-link image-overlay\"><\/a><div class=\"blog-post_content-top\"><span class=\"post_categories\"><span><a  style=\"color: #232323;\" href=\"http:\/\/silbanapodcast.com\/CLIENTES\/SILBANA25\/category\/podcast\/\" >P\u00f3dcast<\/a><\/span><\/span><\/div><div class=\"blog-post_content-bot\"><div class=\"post_meta-wrap\"><div class=\"meta-data\"><span class=\"post_date\">20 de febrero de 2025<\/span><\/div><\/div><h3 title=\"Sobre los coworking\" class=\"blog-post_title\"><a href=\"http:\/\/silbanapodcast.com\/CLIENTES\/SILBANA25\/sobre-los-coworking\/\"><span>Sobre los coworking<\/span><\/a><\/h3><div class=\"clear\"><\/div><div class=\"blog-post_footer\">\n            <div class=\"read-more-wrap\">\n                <a href=\"http:\/\/silbanapodcast.com\/CLIENTES\/SILBANA25\/sobre-los-coworking\/\" class=\"button-read-more\"><span>Read More<\/span>                <\/a>\n            <\/div>\n        <\/div>    <\/div>\n    <\/div>\n    <\/div>\n    <\/div>\n    <\/div>    <div class=\"item wgl_col-4\">\n    <div class=\"blog-post blog-hero format-standard-image\">\n    <div class=\"blog-post_wrapper\"><div class=\"blog-post_bg_media\" style=\"background-image: url(http:\/\/silbanapodcast.com\/CLIENTES\/SILBANA25\/wp-content\/uploads\/2018\/11\/4545-1170x725.jpg)\" ><\/div>    <div class=\"blog-post_content\"><a href=\"http:\/\/silbanapodcast.com\/CLIENTES\/SILBANA25\/consolidacion-contable\/\" class=\"media-link image-overlay\"><\/a><div class=\"blog-post_content-top\"><span class=\"post_categories\"><span><a  style=\"color: #232323;\" href=\"http:\/\/silbanapodcast.com\/CLIENTES\/SILBANA25\/category\/finanzas\/\" >Finanzas<\/a><\/span><\/span><\/div><div class=\"blog-post_content-bot\"><div class=\"post_meta-wrap\"><div class=\"meta-data\"><span class=\"post_date\">26 de agosto de 2024<\/span><\/div><\/div><h3 title=\"CONSOLIDACI\u00d3N CONTABLE\" class=\"blog-post_title\"><a href=\"http:\/\/silbanapodcast.com\/CLIENTES\/SILBANA25\/consolidacion-contable\/\"><span>CONSOLIDACI\u00d3N CONTABLE<\/span><\/a><\/h3><div class=\"clear\"><\/div><div class=\"blog-post_footer\">\n            <div class=\"read-more-wrap\">\n                <a href=\"http:\/\/silbanapodcast.com\/CLIENTES\/SILBANA25\/consolidacion-contable\/\" class=\"button-read-more\"><span>Read More<\/span>                <\/a>\n            <\/div>\n        <\/div>    <\/div>\n    <\/div>\n    <\/div>\n    <\/div>\n    <\/div>    <div class=\"item wgl_col-4\">\n    <div class=\"blog-post blog-hero format-standard-image\">\n    <div class=\"blog-post_wrapper\"><div class=\"blog-post_bg_media\" style=\"background-image: url(http:\/\/silbanapodcast.com\/CLIENTES\/SILBANA25\/wp-content\/uploads\/2019\/03\/finanzas-1170x725.jpg)\" ><\/div>    <div class=\"blog-post_content\"><a href=\"http:\/\/silbanapodcast.com\/CLIENTES\/SILBANA25\/el-apalancamiento-financiero\/\" class=\"media-link image-overlay\"><\/a><div class=\"blog-post_content-top\"><span class=\"post_categories\"><span><a  style=\"color: #232323;\" href=\"http:\/\/silbanapodcast.com\/CLIENTES\/SILBANA25\/category\/finanzas\/\" >Finanzas<\/a><\/span><\/span><\/div><div class=\"blog-post_content-bot\"><div class=\"post_meta-wrap\"><div class=\"meta-data\"><span class=\"post_date\">18 de septiembre de 2023<\/span><\/div><\/div><h3 title=\"EL APALANCAMIENTO FINANCIERO\" class=\"blog-post_title\"><a href=\"http:\/\/silbanapodcast.com\/CLIENTES\/SILBANA25\/el-apalancamiento-financiero\/\"><span>EL APALANCAMIENTO FINANCIERO<\/span><\/a><\/h3><div class=\"clear\"><\/div><div class=\"blog-post_footer\">\n            <div class=\"read-more-wrap\">\n                <a href=\"http:\/\/silbanapodcast.com\/CLIENTES\/SILBANA25\/el-apalancamiento-financiero\/\" class=\"button-read-more\"><span>Read More<\/span>                <\/a>\n            <\/div>\n        <\/div>    <\/div>\n    <\/div>\n    <\/div>\n    <\/div>\n    <\/div><\/div><\/div><ul class=\"wgl-pagination\"><li class='page'><span aria-current=\"page\" class=\"page-numbers current\">1<\/span><\/li><li class='page'><a class=\"page-numbers\" href=\"http:\/\/silbanapodcast.com\/CLIENTES\/SILBANA25\/wp-json\/wp\/v2\/pages\/119521\/page\/2\/\">2<\/a><\/li><li class='page'><a class=\"page-numbers\" href=\"http:\/\/silbanapodcast.com\/CLIENTES\/SILBANA25\/wp-json\/wp\/v2\/pages\/119521\/page\/3\/\">3<\/a><\/li><li class='page'><span class=\"page-numbers dots\">&hellip;<\/span><\/li><li class='page'><a class=\"page-numbers\" href=\"http:\/\/silbanapodcast.com\/CLIENTES\/SILBANA25\/wp-json\/wp\/v2\/pages\/119521\/page\/5\/\">5<\/a><\/li><li class='page'><a class=\"next page-numbers\" href=\"http:\/\/silbanapodcast.com\/CLIENTES\/SILBANA25\/wp-json\/wp\/v2\/pages\/119521\/page\/2\/\"><i class=\"wgl_pagination_next flaticon flaticon-down-right-arrow\"><\/i><\/a><\/li><\/ul><\/section>\t\t\t\t<\/div>\n\t\t\t\t<\/div>\n\t\t\t\t\t<\/div>\n\t\t\t\t<\/div>\n\t\t\t\t\t<\/div>\n\t\t\t\t<\/div>\n\t\t\t\t<\/div>\n\t\t","protected":false},"excerpt":{"rendered":"<p>Publicaciones Publicaciones Publicaciones Publicaciones Publicaciones Blog &#8211; P\u00f3dcast Blog &#8211; P\u00f3dcast proyecto creativo P\u00f3dcast20 de febrero de 2025 Los p\u00f3dcast de empresa Read More P\u00f3dcast20 de febrero de 2025 El no comic, nuestro proyecto m\u00e1s inaudito Read More P\u00f3dcast20 de febrero de 2025 T\u00e9rminos financieros para no financieros Read More P\u00f3dcast20 de febrero de 2025 [&hellip;]<\/p>\n","protected":false},"author":1,"featured_media":0,"parent":0,"menu_order":0,"comment_status":"closed","ping_status":"closed","template":"","meta":{"footnotes":""},"class_list":["post-119521","page","type-page","status-publish","hentry"],"_links":{"self":[{"href":"http:\/\/silbanapodcast.com\/CLIENTES\/SILBANA25\/wp-json\/wp\/v2\/pages\/119521","targetHints":{"allow":["GET"]}}],"collection":[{"href":"http:\/\/silbanapodcast.com\/CLIENTES\/SILBANA25\/wp-json\/wp\/v2\/pages"}],"about":[{"href":"http:\/\/silbanapodcast.com\/CLIENTES\/SILBANA25\/wp-json\/wp\/v2\/types\/page"}],"author":[{"embeddable":true,"href":"http:\/\/silbanapodcast.com\/CLIENTES\/SILBANA25\/wp-json\/wp\/v2\/users\/1"}],"replies":[{"embeddable":true,"href":"http:\/\/silbanapodcast.com\/CLIENTES\/SILBANA25\/wp-json\/wp\/v2\/comments?post=119521"}],"version-history":[{"count":13,"href":"http:\/\/silbanapodcast.com\/CLIENTES\/SILBANA25\/wp-json\/wp\/v2\/pages\/119521\/revisions"}],"predecessor-version":[{"id":119661,"href":"http:\/\/silbanapodcast.com\/CLIENTES\/SILBANA25\/wp-json\/wp\/v2\/pages\/119521\/revisions\/119661"}],"wp:attachment":[{"href":"http:\/\/silbanapodcast.com\/CLIENTES\/SILBANA25\/wp-json\/wp\/v2\/media?parent=119521"}],"curies":[{"name":"wp","href":"https:\/\/api.w.org\/{rel}","templated":true}]}}