{"id":450,"date":"2024-01-02T14:37:26","date_gmt":"2024-01-02T14:37:26","guid":{"rendered":"https:\/\/wgl-demo.net\/motto\/?page_id=450"},"modified":"2024-01-02T14:37:26","modified_gmt":"2024-01-02T14:37:26","slug":"blog-listing","status":"publish","type":"page","link":"http:\/\/silbanapodcast.com\/CLIENTES\/SILBANA25\/blog-listing\/","title":{"rendered":"Blog Listing"},"content":{"rendered":"\t\t<div data-elementor-type=\"wp-page\" data-elementor-id=\"450\" class=\"elementor elementor-450\" data-elementor-post-type=\"page\">\n\t\t\t\t<div class=\"elementor-element elementor-element-ac2949f e-flex e-con-boxed e-con e-parent\" data-id=\"ac2949f\" data-element_type=\"container\">\n\t\t\t\t\t<div class=\"e-con-inner\">\n\t\t\t\t<div class=\"elementor-element elementor-element-8bbc1c8 nav-left elementor-widget elementor-widget-wgl-blog\" data-id=\"8bbc1c8\" data-element_type=\"widget\" data-settings=\"{&quot;blog_columns&quot;:&quot;12&quot;}\" data-widget_type=\"wgl-blog.default\">\n\t\t\t\t<div class=\"elementor-widget-container\">\n\t\t\t\t\t<section class=\"wgl_cpt_section\"><div class=\"blog-posts\"><div class=\"container-grid row blog_columns-1 grid blog-style-standard\">    <div class=\"item wgl_col-12\">\n    <div class=\"blog-post format-standard-image\">\n    <div class=\"blog-post_wrapper\"><div class=\"blog-post_media\"><div class=\"blog-post_media_part\"><a href=\"http:\/\/silbanapodcast.com\/CLIENTES\/SILBANA25\/uso-responsable-de-la-tecnologia\/\" class=\"media-link image-overlay\"><img decoding=\"async\" src=\"http:\/\/silbanapodcast.com\/CLIENTES\/SILBANA25\/wp-content\/uploads\/2018\/06\/tecnologia-1170x712.jpg\" alt=\"tecnologia\"><\/a><\/div><span class=\"post_categories\"><span><a  href=\"http:\/\/silbanapodcast.com\/CLIENTES\/SILBANA25\/category\/negocio\/\" >Negocio<\/a><\/span><span><a  href=\"http:\/\/silbanapodcast.com\/CLIENTES\/SILBANA25\/category\/noticias\/\" >Noticias<\/a><\/span><\/span><\/div>    <div class=\"blog-post_content\"><div class=\"post_meta-wrap\"><div class=\"meta-data\"><span class=\"post_date\">19 de junio de 2018<\/span><span class=\"post_author\"><span>by <a href=\"http:\/\/silbanapodcast.com\/CLIENTES\/SILBANA25\/author\/asaez\/\">Ana S\u00e1ez<\/a><\/span><\/span><span class=\"comments_post\"><a href=\"http:\/\/silbanapodcast.com\/CLIENTES\/SILBANA25\/uso-responsable-de-la-tecnologia\/#respond\" title=\"Leave a Reply\">0 <span>comments<\/span><\/a><\/span><\/div><\/div><h4 class=\"blog-post_title\"><a href=\"http:\/\/silbanapodcast.com\/CLIENTES\/SILBANA25\/uso-responsable-de-la-tecnologia\/\">USO RESPONSABLE DE LA TECNOLOG\u00cdA<\/a><\/h4><div class=\"blog-post_text\">Madrid de 2018, me llam\u00f3 much\u00edsimo la atenci\u00f3n la ponencia \u201cBienvenidos a la era de la singularidad\u201d de Macarena Est\u00e9vez (CEO de CONENTO). En un lenguaje muy sencillo,...<\/div><div class=\"clear\"><\/div><div class=\"blog-post_footer\">            <div class=\"read-more-wrap\">\n                <a href=\"http:\/\/silbanapodcast.com\/CLIENTES\/SILBANA25\/uso-responsable-de-la-tecnologia\/\" class=\"button-read-more \"><span>Read More<\/span>                <\/a>\n            <\/div><div class=\"post_meta-wrap\"><\/div>    <\/div>\n    <\/div>\n    <\/div>\n    <\/div>\n    <\/div>    <div class=\"item wgl_col-12\">\n    <div class=\"blog-post format-standard-image\">\n    <div class=\"blog-post_wrapper\"><div class=\"blog-post_media\"><div class=\"blog-post_media_part\"><a href=\"http:\/\/silbanapodcast.com\/CLIENTES\/SILBANA25\/premio-emprendedoras-2018\/\" class=\"media-link image-overlay\"><img decoding=\"async\" src=\"http:\/\/silbanapodcast.com\/CLIENTES\/SILBANA25\/wp-content\/uploads\/2018\/11\/EMPRENDE-1170x712.png\" alt=\"EMPRENDE\"><\/a><\/div><span class=\"post_categories\"><span><a  href=\"http:\/\/silbanapodcast.com\/CLIENTES\/SILBANA25\/category\/negocio\/\" >Negocio<\/a><\/span><span><a  href=\"http:\/\/silbanapodcast.com\/CLIENTES\/SILBANA25\/category\/noticias\/\" >Noticias<\/a><\/span><\/span><\/div>    <div class=\"blog-post_content\"><div class=\"post_meta-wrap\"><div class=\"meta-data\"><span class=\"post_date\">19 de noviembre de 2018<\/span><span class=\"post_author\"><span>by <a href=\"http:\/\/silbanapodcast.com\/CLIENTES\/SILBANA25\/author\/asaez\/\">Ana S\u00e1ez<\/a><\/span><\/span><span class=\"comments_post\"><a href=\"http:\/\/silbanapodcast.com\/CLIENTES\/SILBANA25\/premio-emprendedoras-2018\/#respond\" title=\"Leave a Reply\">0 <span>comments<\/span><\/a><\/span><\/div><\/div><h4 class=\"blog-post_title\"><a href=\"http:\/\/silbanapodcast.com\/CLIENTES\/SILBANA25\/premio-emprendedoras-2018\/\">PREMIO EMPRENDEDORAS 2018<\/a><\/h4><div class=\"blog-post_text\">El pasado 16 de noviembre asistimos a la entrega de premios VIII edici\u00f3n del Premio Emprendedoras del Ayuntamiento de Madrid. El acto fue introducido por Concha D\u00edaz de...<\/div><div class=\"clear\"><\/div><div class=\"blog-post_footer\">            <div class=\"read-more-wrap\">\n                <a href=\"http:\/\/silbanapodcast.com\/CLIENTES\/SILBANA25\/premio-emprendedoras-2018\/\" class=\"button-read-more \"><span>Read More<\/span>                <\/a>\n            <\/div><div class=\"post_meta-wrap\"><\/div>    <\/div>\n    <\/div>\n    <\/div>\n    <\/div>\n    <\/div>    <div class=\"item wgl_col-12\">\n    <div class=\"blog-post format-standard-image\">\n    <div class=\"blog-post_wrapper\"><div class=\"blog-post_media\"><div class=\"blog-post_media_part\"><a href=\"http:\/\/silbanapodcast.com\/CLIENTES\/SILBANA25\/premios-mad-2018\/\" class=\"media-link image-overlay\"><img decoding=\"async\" src=\"http:\/\/silbanapodcast.com\/CLIENTES\/SILBANA25\/wp-content\/uploads\/2019\/01\/Mad-1170x712.jpg\" alt=\"Mad+\"><\/a><\/div><span class=\"post_categories\"><span><a  href=\"http:\/\/silbanapodcast.com\/CLIENTES\/SILBANA25\/category\/emprendimiento\/\" >emprendimiento<\/a><\/span><\/span><\/div>    <div class=\"blog-post_content\"><div class=\"post_meta-wrap\"><div class=\"meta-data\"><span class=\"post_date\">4 de enero de 2019<\/span><span class=\"post_author\"><span>by <a href=\"http:\/\/silbanapodcast.com\/CLIENTES\/SILBANA25\/author\/asaez\/\">Ana S\u00e1ez<\/a><\/span><\/span><span class=\"comments_post\"><a href=\"http:\/\/silbanapodcast.com\/CLIENTES\/SILBANA25\/premios-mad-2018\/#respond\" title=\"Leave a Reply\">0 <span>comments<\/span><\/a><\/span><\/div><\/div><h4 class=\"blog-post_title\"><a href=\"http:\/\/silbanapodcast.com\/CLIENTES\/SILBANA25\/premios-mad-2018\/\">PREMIOS MAD+ 2018<\/a><\/h4><div class=\"blog-post_text\">Premios MAD+ 2018 por un MADrid m\u00e1s\u00a0 justo y m\u00e1s solidario\nEl pasado diciembre tuvo lugar la presentaci\u00f3n y entrega de premios de la II edici\u00f3n de los\u00a0Premios MAD+ 2018...<\/div><div class=\"clear\"><\/div><div class=\"blog-post_footer\">            <div class=\"read-more-wrap\">\n                <a href=\"http:\/\/silbanapodcast.com\/CLIENTES\/SILBANA25\/premios-mad-2018\/\" class=\"button-read-more \"><span>Read More<\/span>                <\/a>\n            <\/div><div class=\"post_meta-wrap\"><\/div>    <\/div>\n    <\/div>\n    <\/div>\n    <\/div>\n    <\/div>    <div class=\"item wgl_col-12\">\n    <div class=\"blog-post format-standard-image\">\n    <div class=\"blog-post_wrapper\"><div class=\"blog-post_media\"><div class=\"blog-post_media_part\"><a href=\"http:\/\/silbanapodcast.com\/CLIENTES\/SILBANA25\/hacia-donde-va-el-lujo\/\" class=\"media-link image-overlay\"><img decoding=\"async\" src=\"http:\/\/silbanapodcast.com\/CLIENTES\/SILBANA25\/wp-content\/uploads\/2019\/01\/joyas-1170x712.jpg\" alt=\"joyas\"><\/a><\/div><span class=\"post_categories\"><span><a  style=\"color: #232323;\" href=\"http:\/\/silbanapodcast.com\/CLIENTES\/SILBANA25\/category\/estrategia\/\" >Estrategia<\/a><\/span><span><a  style=\"color: #232323;\" href=\"http:\/\/silbanapodcast.com\/CLIENTES\/SILBANA25\/category\/marketing\/\" >Marketing<\/a><\/span><span><a  href=\"http:\/\/silbanapodcast.com\/CLIENTES\/SILBANA25\/category\/negocio\/\" >Negocio<\/a><\/span><span><a  href=\"http:\/\/silbanapodcast.com\/CLIENTES\/SILBANA25\/category\/sin-categoria\/\" >Sin categor\u00eda<\/a><\/span><\/span><\/div>    <div class=\"blog-post_content\"><div class=\"post_meta-wrap\"><div class=\"meta-data\"><span class=\"post_date\">28 de enero de 2019<\/span><span class=\"post_author\"><span>by <a href=\"http:\/\/silbanapodcast.com\/CLIENTES\/SILBANA25\/author\/asaez\/\">Ana S\u00e1ez<\/a><\/span><\/span><span class=\"comments_post\"><a href=\"http:\/\/silbanapodcast.com\/CLIENTES\/SILBANA25\/hacia-donde-va-el-lujo\/#respond\" title=\"Leave a Reply\">0 <span>comments<\/span><\/a><\/span><\/div><\/div><h4 class=\"blog-post_title\"><a href=\"http:\/\/silbanapodcast.com\/CLIENTES\/SILBANA25\/hacia-donde-va-el-lujo\/\">\u00bfHACIA D\u00d3NDE VA EL LUJO?<\/a><\/h4><div class=\"blog-post_text\">\u00bfQu\u00e9 es el Lujo?\n\u00ab\u00a0Le luxe ce n\u2019est pas le contraire de la pauvret\u00e9 mais celui de la vulgarit\u00e9\u00a0\u00bb, Coco Chanel.\n\u00bfC\u00f3mo definir un concepto tan contradictorio como el Lujo?...<\/div><div class=\"clear\"><\/div><div class=\"blog-post_footer\">            <div class=\"read-more-wrap\">\n                <a href=\"http:\/\/silbanapodcast.com\/CLIENTES\/SILBANA25\/hacia-donde-va-el-lujo\/\" class=\"button-read-more \"><span>Read More<\/span>                <\/a>\n            <\/div><div class=\"post_meta-wrap\"><\/div>    <\/div>\n    <\/div>\n    <\/div>\n    <\/div>\n    <\/div>    <div class=\"item wgl_col-12\">\n    <div class=\"blog-post format-standard-image\">\n    <div class=\"blog-post_wrapper\"><div class=\"blog-post_media\"><div class=\"blog-post_media_part\"><a href=\"http:\/\/silbanapodcast.com\/CLIENTES\/SILBANA25\/tendencias-redes-sociales-2019\/\" class=\"media-link image-overlay\"><img decoding=\"async\" src=\"http:\/\/silbanapodcast.com\/CLIENTES\/SILBANA25\/wp-content\/uploads\/2019\/03\/smarphone2_blog-1170x712.jpg\" alt=\"smarphone2_blog\"><\/a><\/div><span class=\"post_categories\"><span><a  style=\"color: #232323;\" href=\"http:\/\/silbanapodcast.com\/CLIENTES\/SILBANA25\/category\/estrategia\/\" >Estrategia<\/a><\/span><span><a  style=\"color: #232323;\" href=\"http:\/\/silbanapodcast.com\/CLIENTES\/SILBANA25\/category\/marketing\/\" >Marketing<\/a><\/span><\/span><\/div>    <div class=\"blog-post_content\"><div class=\"post_meta-wrap\"><div class=\"meta-data\"><span class=\"post_date\">27 de febrero de 2019<\/span><span class=\"post_author\"><span>by <a href=\"http:\/\/silbanapodcast.com\/CLIENTES\/SILBANA25\/author\/asaez\/\">Ana S\u00e1ez<\/a><\/span><\/span><span class=\"comments_post\"><a href=\"http:\/\/silbanapodcast.com\/CLIENTES\/SILBANA25\/tendencias-redes-sociales-2019\/#respond\" title=\"Leave a Reply\">0 <span>comments<\/span><\/a><\/span><\/div><\/div><h4 class=\"blog-post_title\"><a href=\"http:\/\/silbanapodcast.com\/CLIENTES\/SILBANA25\/tendencias-redes-sociales-2019\/\">TENDENCIAS REDES SOCIALES 2019<\/a><\/h4><div class=\"blog-post_text\">La compa\u00f1\u00eda Epsilon Technologies ha realizado el estudio de Tendencias en Redes Sociales 2019. Analizando grandes vol\u00famenes de datos del sector de Gran Consumo y Retail,...<\/div><div class=\"clear\"><\/div><div class=\"blog-post_footer\">            <div class=\"read-more-wrap\">\n                <a href=\"http:\/\/silbanapodcast.com\/CLIENTES\/SILBANA25\/tendencias-redes-sociales-2019\/\" class=\"button-read-more \"><span>Read More<\/span>                <\/a>\n            <\/div><div class=\"post_meta-wrap\"><\/div>    <\/div>\n    <\/div>\n    <\/div>\n    <\/div>\n    <\/div>    <div class=\"item wgl_col-12\">\n    <div class=\"blog-post format-standard-image\">\n    <div class=\"blog-post_wrapper\"><div class=\"blog-post_media\"><div class=\"blog-post_media_part\"><a href=\"http:\/\/silbanapodcast.com\/CLIENTES\/SILBANA25\/hoy-es-marketing-2019\/\" class=\"media-link image-overlay\"><img decoding=\"async\" src=\"http:\/\/silbanapodcast.com\/CLIENTES\/SILBANA25\/wp-content\/uploads\/2019\/05\/HYM2019-1170x712.jpg\" alt=\"HYM2019\"><\/a><\/div><span class=\"post_categories\"><span><a  style=\"color: #232323;\" href=\"http:\/\/silbanapodcast.com\/CLIENTES\/SILBANA25\/category\/estrategia\/\" >Estrategia<\/a><\/span><span><a  style=\"color: #232323;\" href=\"http:\/\/silbanapodcast.com\/CLIENTES\/SILBANA25\/category\/marketing\/\" >Marketing<\/a><\/span><span><a  href=\"http:\/\/silbanapodcast.com\/CLIENTES\/SILBANA25\/category\/negocio\/\" >Negocio<\/a><\/span><span><a  href=\"http:\/\/silbanapodcast.com\/CLIENTES\/SILBANA25\/category\/noticias\/\" >Noticias<\/a><\/span><\/span><\/div>    <div class=\"blog-post_content\"><div class=\"post_meta-wrap\"><div class=\"meta-data\"><span class=\"post_date\">30 de mayo de 2019<\/span><span class=\"post_author\"><span>by <a href=\"http:\/\/silbanapodcast.com\/CLIENTES\/SILBANA25\/author\/asaez\/\">Ana S\u00e1ez<\/a><\/span><\/span><span class=\"comments_post\"><a href=\"http:\/\/silbanapodcast.com\/CLIENTES\/SILBANA25\/hoy-es-marketing-2019\/#respond\" title=\"Leave a Reply\">0 <span>comments<\/span><\/a><\/span><\/div><\/div><h4 class=\"blog-post_title\"><a href=\"http:\/\/silbanapodcast.com\/CLIENTES\/SILBANA25\/hoy-es-marketing-2019\/\">HOY ES MARKETING 2019<\/a><\/h4><div class=\"blog-post_text\">Ayer asistimos a la XVI edici\u00f3n de &#8220;Hoy es Marketing&#8221;, el evento anual organizado por el ESIC Business &amp; Marketing School.\nBajo el lema \u201cTechonology,...<\/div><div class=\"clear\"><\/div><div class=\"blog-post_footer\">            <div class=\"read-more-wrap\">\n                <a href=\"http:\/\/silbanapodcast.com\/CLIENTES\/SILBANA25\/hoy-es-marketing-2019\/\" class=\"button-read-more \"><span>Read More<\/span>                <\/a>\n            <\/div><div class=\"post_meta-wrap\"><\/div>    <\/div>\n    <\/div>\n    <\/div>\n    <\/div>\n    <\/div>    <div class=\"item wgl_col-12\">\n    <div class=\"blog-post format-standard-image\">\n    <div class=\"blog-post_wrapper\"><div class=\"blog-post_media\"><div class=\"blog-post_media_part\"><a href=\"http:\/\/silbanapodcast.com\/CLIENTES\/SILBANA25\/y-despues-del-covid19-que\/\" class=\"media-link image-overlay\"><img decoding=\"async\" src=\"http:\/\/silbanapodcast.com\/CLIENTES\/SILBANA25\/wp-content\/uploads\/2020\/04\/375-scaled-1-1170x712.jpg\" alt=\"375\"><\/a><\/div><span class=\"post_categories\"><span><a  style=\"color: #232323;\" href=\"http:\/\/silbanapodcast.com\/CLIENTES\/SILBANA25\/category\/estrategia\/\" >Estrategia<\/a><\/span><span><a  style=\"color: #232323;\" href=\"http:\/\/silbanapodcast.com\/CLIENTES\/SILBANA25\/category\/marketing\/\" >Marketing<\/a><\/span><span><a  href=\"http:\/\/silbanapodcast.com\/CLIENTES\/SILBANA25\/category\/negocio\/\" >Negocio<\/a><\/span><\/span><\/div>    <div class=\"blog-post_content\"><div class=\"post_meta-wrap\"><div class=\"meta-data\"><span class=\"post_date\">22 de abril de 2021<\/span><span class=\"post_author\"><span>by <a href=\"http:\/\/silbanapodcast.com\/CLIENTES\/SILBANA25\/author\/asaez\/\">Ana S\u00e1ez<\/a><\/span><\/span><span class=\"comments_post\"><a href=\"http:\/\/silbanapodcast.com\/CLIENTES\/SILBANA25\/y-despues-del-covid19-que\/#respond\" title=\"Leave a Reply\">0 <span>comments<\/span><\/a><\/span><\/div><\/div><h4 class=\"blog-post_title\"><a href=\"http:\/\/silbanapodcast.com\/CLIENTES\/SILBANA25\/y-despues-del-covid19-que\/\">Y DESPU\u00c9S DEL COVID19&#8230; \u00bfQU\u00c9?<\/a><\/h4><div class=\"blog-post_text\">La transformaci\u00f3n digital ha llegado para quedarse. La experiencia que nos deja esta crisis es, que ante las circunstancias adversas no hay que dejar llevarse por el...<\/div><div class=\"clear\"><\/div><div class=\"blog-post_footer\">            <div class=\"read-more-wrap\">\n                <a href=\"http:\/\/silbanapodcast.com\/CLIENTES\/SILBANA25\/y-despues-del-covid19-que\/\" class=\"button-read-more \"><span>Read More<\/span>                <\/a>\n            <\/div><div class=\"post_meta-wrap\"><\/div>    <\/div>\n    <\/div>\n    <\/div>\n    <\/div>\n    <\/div><\/div><\/div><ul class=\"wgl-pagination\"><li class='page'><span aria-current=\"page\" class=\"page-numbers current\">1<\/span><\/li><li class='page'><a class=\"page-numbers\" href=\"http:\/\/silbanapodcast.com\/CLIENTES\/SILBANA25\/wp-json\/wp\/v2\/pages\/450\/page\/2\/\">2<\/a><\/li><li class='page'><a class=\"page-numbers\" href=\"http:\/\/silbanapodcast.com\/CLIENTES\/SILBANA25\/wp-json\/wp\/v2\/pages\/450\/page\/3\/\">3<\/a><\/li><li class='page'><span class=\"page-numbers dots\">&hellip;<\/span><\/li><li class='page'><a class=\"page-numbers\" href=\"http:\/\/silbanapodcast.com\/CLIENTES\/SILBANA25\/wp-json\/wp\/v2\/pages\/450\/page\/7\/\">7<\/a><\/li><li class='page'><a class=\"next page-numbers\" href=\"http:\/\/silbanapodcast.com\/CLIENTES\/SILBANA25\/wp-json\/wp\/v2\/pages\/450\/page\/2\/\"><i class=\"wgl_pagination_next flaticon flaticon-down-right-arrow\"><\/i><\/a><\/li><\/ul><\/section>\t\t\t\t<\/div>\n\t\t\t\t<\/div>\n\t\t\t\t\t<\/div>\n\t\t\t\t<\/div>\n\t\t\t\t<\/div>\n\t\t","protected":false},"excerpt":{"rendered":"<p>Branding December 25, 2023by Tomm Beross2 comments Exploring UI\/UX Trends 2024 The goals of a digital agency are centered around delivering effective digital solutions and achieving measurable results for their clients. These goals may vary&#8230; Read More BrandingDecember 25, 2023by Tomm Beross2 comments The Physical and Digital Worlds The goals of a digital agency are [&hellip;]<\/p>\n","protected":false},"author":1,"featured_media":0,"parent":0,"menu_order":0,"comment_status":"closed","ping_status":"closed","template":"","meta":{"footnotes":""},"class_list":["post-450","page","type-page","status-publish","hentry"],"_links":{"self":[{"href":"http:\/\/silbanapodcast.com\/CLIENTES\/SILBANA25\/wp-json\/wp\/v2\/pages\/450","targetHints":{"allow":["GET"]}}],"collection":[{"href":"http:\/\/silbanapodcast.com\/CLIENTES\/SILBANA25\/wp-json\/wp\/v2\/pages"}],"about":[{"href":"http:\/\/silbanapodcast.com\/CLIENTES\/SILBANA25\/wp-json\/wp\/v2\/types\/page"}],"author":[{"embeddable":true,"href":"http:\/\/silbanapodcast.com\/CLIENTES\/SILBANA25\/wp-json\/wp\/v2\/users\/1"}],"replies":[{"embeddable":true,"href":"http:\/\/silbanapodcast.com\/CLIENTES\/SILBANA25\/wp-json\/wp\/v2\/comments?post=450"}],"version-history":[{"count":0,"href":"http:\/\/silbanapodcast.com\/CLIENTES\/SILBANA25\/wp-json\/wp\/v2\/pages\/450\/revisions"}],"wp:attachment":[{"href":"http:\/\/silbanapodcast.com\/CLIENTES\/SILBANA25\/wp-json\/wp\/v2\/media?parent=450"}],"curies":[{"name":"wp","href":"https:\/\/api.w.org\/{rel}","templated":true}]}}