{"id":119510,"date":"2025-03-06T12:18:28","date_gmt":"2025-03-06T11:18:28","guid":{"rendered":"https:\/\/silbanapodcast.com\/CLIENTES\/SILBANA25\/?page_id=119510"},"modified":"2025-03-10T12:53:04","modified_gmt":"2025-03-10T11:53:04","slug":"diseno-publicitario","status":"publish","type":"page","link":"https:\/\/silbanapodcast.com\/CLIENTES\/SILBANA25\/diseno-publicitario\/","title":{"rendered":"Dise\u00f1o publicitario"},"content":{"rendered":"\t\t<div data-elementor-type=\"wp-page\" data-elementor-id=\"119510\" class=\"elementor elementor-119510\" data-elementor-post-type=\"page\">\n\t\t\t\t<div class=\"elementor-element elementor-element-fd26384 e-con-full e-flex e-con e-parent\" data-id=\"fd26384\" data-element_type=\"container\">\n\t\t<div class=\"elementor-element elementor-element-598eac6 e-con-full e-flex e-con e-child\" data-id=\"598eac6\" data-element_type=\"container\">\n\t\t\t\t<div class=\"elementor-element elementor-element-bf18a3f elementor-widget elementor-widget-spacer\" data-id=\"bf18a3f\" data-element_type=\"widget\" data-widget_type=\"spacer.default\">\n\t\t\t\t<div class=\"elementor-widget-container\">\n\t\t\t\t\t\t\t<div class=\"elementor-spacer\">\n\t\t\t<div class=\"elementor-spacer-inner\"><\/div>\n\t\t<\/div>\n\t\t\t\t\t\t<\/div>\n\t\t\t\t<\/div>\n\t\t\t\t<div class=\"elementor-element elementor-element-2d57b63 aleft elementor-widget elementor-widget-wgl-text-editor\" data-id=\"2d57b63\" data-element_type=\"widget\" data-widget_type=\"wgl-text-editor.default\">\n\t\t\t\t<div class=\"elementor-widget-container\">\n\t\t\t\t\t<div class=\"wgl-text-editor loop_animation\"><h3 class=\"text-editor_wrapper\"><a href=\"https:\/\/silbanapodcast.com\/CLIENTES\/SILBANA25\/silbana\/\" class=\" wgl-cursor-text elementor-repeater-item-5f1fe1d\" data-cursor-class=\"wgl-element-5f1fe1d cursor-global elementor-repeater-item-5f1fe1d tooltip_bg cursor_center\" data-cursor-text=\"&lt;h6&gt;Sobre Silbana&lt;\/h6&gt;\" data-cursor-prop=\"none\">Dise\u00f1o Publicitario<\/a><\/h3><div class=\"text-editor_wrapper text-editor_wrapper-clone\"><a href=\"https:\/\/silbanapodcast.com\/CLIENTES\/SILBANA25\/silbana\/\" class=\" wgl-cursor-text elementor-repeater-item-5f1fe1d\" data-cursor-class=\"wgl-element-5f1fe1d cursor-global elementor-repeater-item-5f1fe1d tooltip_bg cursor_center\" data-cursor-text=\"&lt;h6&gt;Sobre Silbana&lt;\/h6&gt;\" data-cursor-prop=\"none\">Dise\u00f1o Publicitario<\/a><a href=\"https:\/\/silbanapodcast.com\/CLIENTES\/SILBANA25\/silbana\/\" class=\" wgl-cursor-text elementor-repeater-item-5f1fe1d\" data-cursor-class=\"wgl-element-5f1fe1d cursor-global elementor-repeater-item-5f1fe1d tooltip_bg cursor_center\" data-cursor-text=\"&lt;h6&gt;Sobre Silbana&lt;\/h6&gt;\" data-cursor-prop=\"none\">Dise\u00f1o Publicitario<\/a><\/div><div class=\"text-editor_wrapper text-editor_wrapper-clone\"><a href=\"https:\/\/silbanapodcast.com\/CLIENTES\/SILBANA25\/silbana\/\" class=\" wgl-cursor-text elementor-repeater-item-5f1fe1d\" data-cursor-class=\"wgl-element-5f1fe1d cursor-global elementor-repeater-item-5f1fe1d tooltip_bg cursor_center\" data-cursor-text=\"&lt;h6&gt;Sobre Silbana&lt;\/h6&gt;\" data-cursor-prop=\"none\">Dise\u00f1o Publicitario<\/a><a href=\"https:\/\/silbanapodcast.com\/CLIENTES\/SILBANA25\/silbana\/\" class=\" wgl-cursor-text elementor-repeater-item-5f1fe1d\" data-cursor-class=\"wgl-element-5f1fe1d cursor-global elementor-repeater-item-5f1fe1d tooltip_bg cursor_center\" data-cursor-text=\"&lt;h6&gt;Sobre Silbana&lt;\/h6&gt;\" data-cursor-prop=\"none\">Dise\u00f1o Publicitario<\/a><\/div><\/div>\t\t\t\t<\/div>\n\t\t\t\t<\/div>\n\t\t\t\t<div class=\"elementor-element elementor-element-d83c3f2 elementor-widget elementor-widget-spacer\" data-id=\"d83c3f2\" data-element_type=\"widget\" data-widget_type=\"spacer.default\">\n\t\t\t\t<div class=\"elementor-widget-container\">\n\t\t\t\t\t\t\t<div class=\"elementor-spacer\">\n\t\t\t<div class=\"elementor-spacer-inner\"><\/div>\n\t\t<\/div>\n\t\t\t\t\t\t<\/div>\n\t\t\t\t<\/div>\n\t\t\t\t<\/div>\n\t\t<div class=\"elementor-element elementor-element-cfae464 e-con-full e-flex e-con e-child\" data-id=\"cfae464\" data-element_type=\"container\">\n\t\t\t\t<\/div>\n\t\t<div class=\"elementor-element elementor-element-a1c6ad2 e-con-full e-flex e-con e-child\" data-id=\"a1c6ad2\" data-element_type=\"container\">\n\t\t\t\t<\/div>\n\t\t\t\t<\/div>\n\t\t<div class=\"elementor-element elementor-element-e6510d3 e-flex e-con-boxed e-con e-parent\" data-id=\"e6510d3\" data-element_type=\"container\" data-settings=\"{&quot;background_background&quot;:&quot;classic&quot;}\">\n\t\t\t\t\t<div class=\"e-con-inner\">\n\t\t\t\t\t<\/div>\n\t\t\t\t<\/div>\n\t\t<div class=\"elementor-element elementor-element-1c8729e e-con-full e-flex e-con e-parent\" data-id=\"1c8729e\" data-element_type=\"container\" data-settings=\"{&quot;background_background&quot;:&quot;classic&quot;}\">\n\t\t<div class=\"elementor-element elementor-element-041c9c1 e-con-full e-flex e-con e-child\" data-id=\"041c9c1\" data-element_type=\"container\">\n\t\t\t\t<div class=\"elementor-element elementor-element-7e639f7 elementor-widget elementor-widget-wgl-portfolio\" data-id=\"7e639f7\" data-element_type=\"widget\" data-widget_type=\"wgl-portfolio.default\">\n\t\t\t\t<div class=\"elementor-widget-container\">\n\t\t\t\t\t<section class=\"wgl_cpt_section\"><div class=\"wgl-portfolio portfolio_header-inline\" id=\"portfolio_module_69ebd8f050250\"><div class=\"wgl-portfolio_header sticky-sidebar\"><div class=\"item_title\"><div class=\"portfolio_subtitle\">(dise\u00f1o publicitario)<\/div><h3 class=\"portfolio_title\">Una peque\u00f1a muestra<\/h3><div class=\"portfolio_header-button\"><a class=\"wgl-button btn-size-xl\" href=\"http:\/\/silbanapodcast.com\/CLIENTES\/SILBANA25\/trabajos-silbana\"><div class=\"button__content\">PORTFOLIO COMPLETO<\/div><\/a><\/div><\/div><\/div><div class=\"wgl-portfolio_wrapper\"><div class=\"wgl-portfolio_container container-grid row grid-2\"><article class=\"portfolio__item item publicitario\"><div class=\"item__wrapper\"><div class=\"item__image\"><div class=\"item__image-wrap\"><img decoding=\"async\" src=\"https:\/\/silbanapodcast.com\/CLIENTES\/SILBANA25\/wp-content\/uploads\/2024\/01\/stand-1290x1290.jpg\" alt=\"\"><\/div><a href=\"https:\/\/silbanapodcast.com\/CLIENTES\/SILBANA25\/portfolio\/carteles\/\" aria-label=\"Carteles\" class=\"single_link  portfolio_link\"><\/a><\/div><div class=\"item__description\"><div class=\"description__wrapper\"><div class=\"post_cats\"><a href=https:\/\/silbanapodcast.com\/CLIENTES\/SILBANA25\/portfolio-category\/publicitario\/ class=\"portfolio-category\">Publicitario<\/a><\/div><div class=\"item__title\"><h5 class=\"title\"><a href=\"https:\/\/silbanapodcast.com\/CLIENTES\/SILBANA25\/portfolio\/carteles\/\" aria-label=\"Carteles\" class=\"single_link \">Carteles<\/a><\/h5><\/div><\/div><div class=\"description__footer\"><div class=\"item__button\"><a href=\"https:\/\/silbanapodcast.com\/CLIENTES\/SILBANA25\/portfolio\/carteles\/\" aria-label=\"Carteles\" class=\"single_link \"><\/a><\/div><\/div><\/div><\/div><\/article><article class=\"portfolio__item item publicitario\"><div class=\"item__wrapper\"><div class=\"item__image\"><div class=\"item__image-wrap\"><img decoding=\"async\" src=\"https:\/\/silbanapodcast.com\/CLIENTES\/SILBANA25\/wp-content\/uploads\/2024\/01\/activum-1290x1290.png\" alt=\"\"><\/div><a href=\"https:\/\/silbanapodcast.com\/CLIENTES\/SILBANA25\/portfolio\/podcast-activum\/\" aria-label=\"P\u00f3dcast Activum\" class=\"single_link  portfolio_link\"><\/a><\/div><div class=\"item__description\"><div class=\"description__wrapper\"><div class=\"post_cats\"><a href=https:\/\/silbanapodcast.com\/CLIENTES\/SILBANA25\/portfolio-category\/publicitario\/ class=\"portfolio-category\">Publicitario<\/a><\/div><div class=\"item__title\"><h5 class=\"title\"><a href=\"https:\/\/silbanapodcast.com\/CLIENTES\/SILBANA25\/portfolio\/podcast-activum\/\" aria-label=\"P\u00f3dcast Activum\" class=\"single_link \">P\u00f3dcast Activum<\/a><\/h5><\/div><\/div><div class=\"description__footer\"><div class=\"item__button\"><a href=\"https:\/\/silbanapodcast.com\/CLIENTES\/SILBANA25\/portfolio\/podcast-activum\/\" aria-label=\"P\u00f3dcast Activum\" class=\"single_link \"><\/a><\/div><\/div><\/div><\/div><\/article><article class=\"portfolio__item item publicitario\"><div class=\"item__wrapper\"><div class=\"item__image\"><div class=\"item__image-wrap\"><img decoding=\"async\" src=\"https:\/\/silbanapodcast.com\/CLIENTES\/SILBANA25\/wp-content\/uploads\/2025\/03\/portada_roll-1290x1290.jpg\" alt=\"\"><\/div><a href=\"https:\/\/silbanapodcast.com\/CLIENTES\/SILBANA25\/portfolio\/rollups\/\" aria-label=\"Rollups\" class=\"single_link  portfolio_link\"><\/a><\/div><div class=\"item__description\"><div class=\"description__wrapper\"><div class=\"post_cats\"><a href=https:\/\/silbanapodcast.com\/CLIENTES\/SILBANA25\/portfolio-category\/publicitario\/ class=\"portfolio-category\">Publicitario<\/a><\/div><div class=\"item__title\"><h5 class=\"title\"><a href=\"https:\/\/silbanapodcast.com\/CLIENTES\/SILBANA25\/portfolio\/rollups\/\" aria-label=\"Rollups\" class=\"single_link \">Rollups<\/a><\/h5><\/div><\/div><div class=\"description__footer\"><div class=\"item__button\"><a href=\"https:\/\/silbanapodcast.com\/CLIENTES\/SILBANA25\/portfolio\/rollups\/\" aria-label=\"Rollups\" class=\"single_link \"><\/a><\/div><\/div><\/div><\/div><\/article><article class=\"portfolio__item item publicitario\"><div class=\"item__wrapper\"><div class=\"item__image\"><div class=\"item__image-wrap\"><img decoding=\"async\" src=\"https:\/\/silbanapodcast.com\/CLIENTES\/SILBANA25\/wp-content\/uploads\/2025\/03\/textil2-1290x1290.jpg\" alt=\"\"><\/div><a href=\"https:\/\/silbanapodcast.com\/CLIENTES\/SILBANA25\/portfolio\/diseno-textil\/\" aria-label=\"Dise\u00f1o textil\" class=\"single_link  portfolio_link\"><\/a><\/div><div class=\"item__description\"><div class=\"description__wrapper\"><div class=\"post_cats\"><a href=https:\/\/silbanapodcast.com\/CLIENTES\/SILBANA25\/portfolio-category\/publicitario\/ class=\"portfolio-category\">Publicitario<\/a><\/div><div class=\"item__title\"><h5 class=\"title\"><a href=\"https:\/\/silbanapodcast.com\/CLIENTES\/SILBANA25\/portfolio\/diseno-textil\/\" aria-label=\"Dise\u00f1o textil\" class=\"single_link \">Dise\u00f1o textil<\/a><\/h5><\/div><\/div><div class=\"description__footer\"><div class=\"item__button\"><a href=\"https:\/\/silbanapodcast.com\/CLIENTES\/SILBANA25\/portfolio\/diseno-textil\/\" aria-label=\"Dise\u00f1o textil\" class=\"single_link \"><\/a><\/div><\/div><\/div><\/div><\/article><article class=\"portfolio__item item publicitario\"><div class=\"item__wrapper\"><div class=\"item__image\"><div class=\"item__image-wrap\"><img decoding=\"async\" src=\"https:\/\/silbanapodcast.com\/CLIENTES\/SILBANA25\/wp-content\/uploads\/2025\/03\/man-1290x1290.jpg\" alt=\"\"><\/div><a href=\"https:\/\/silbanapodcast.com\/CLIENTES\/SILBANA25\/portfolio\/manual\/\" aria-label=\"Manual\" class=\"single_link  portfolio_link\"><\/a><\/div><div class=\"item__description\"><div class=\"description__wrapper\"><div class=\"post_cats\"><a href=https:\/\/silbanapodcast.com\/CLIENTES\/SILBANA25\/portfolio-category\/publicitario\/ class=\"portfolio-category\">Publicitario<\/a><\/div><div class=\"item__title\"><h5 class=\"title\"><a href=\"https:\/\/silbanapodcast.com\/CLIENTES\/SILBANA25\/portfolio\/manual\/\" aria-label=\"Manual\" class=\"single_link \">Manual<\/a><\/h5><\/div><\/div><div class=\"description__footer\"><div class=\"item__button\"><a href=\"https:\/\/silbanapodcast.com\/CLIENTES\/SILBANA25\/portfolio\/manual\/\" aria-label=\"Manual\" class=\"single_link \"><\/a><\/div><\/div><\/div><\/div><\/article><article class=\"portfolio__item item publicitario\"><div class=\"item__wrapper\"><div class=\"item__image\"><div class=\"item__image-wrap\"><img decoding=\"async\" src=\"https:\/\/silbanapodcast.com\/CLIENTES\/SILBANA25\/wp-content\/uploads\/2025\/03\/di-1290x1290.jpg\" alt=\"\"><\/div><a href=\"https:\/\/silbanapodcast.com\/CLIENTES\/SILBANA25\/portfolio\/dibujo-de-producto\/\" aria-label=\"Dibujo de producto\" class=\"single_link  portfolio_link\"><\/a><\/div><div class=\"item__description\"><div class=\"description__wrapper\"><div class=\"post_cats\"><a href=https:\/\/silbanapodcast.com\/CLIENTES\/SILBANA25\/portfolio-category\/publicitario\/ class=\"portfolio-category\">Publicitario<\/a><\/div><div class=\"item__title\"><h5 class=\"title\"><a href=\"https:\/\/silbanapodcast.com\/CLIENTES\/SILBANA25\/portfolio\/dibujo-de-producto\/\" aria-label=\"Dibujo de producto\" class=\"single_link \">Dibujo de producto<\/a><\/h5><\/div><\/div><div class=\"description__footer\"><div class=\"item__button\"><a href=\"https:\/\/silbanapodcast.com\/CLIENTES\/SILBANA25\/portfolio\/dibujo-de-producto\/\" aria-label=\"Dibujo de producto\" class=\"single_link \"><\/a><\/div><\/div><\/div><\/div><\/article><\/div><\/div><\/div><\/section>\t\t\t\t<\/div>\n\t\t\t\t<\/div>\n\t\t\t\t<\/div>\n\t\t\t\t<\/div>\n\t\t<div class=\"elementor-element elementor-element-3a61bce e-con-full e-flex e-con e-parent\" data-id=\"3a61bce\" data-element_type=\"container\">\n\t\t\t\t<div class=\"elementor-element elementor-element-6f26a84 elementor-widget elementor-widget-spacer\" data-id=\"6f26a84\" data-element_type=\"widget\" data-widget_type=\"spacer.default\">\n\t\t\t\t<div class=\"elementor-widget-container\">\n\t\t\t\t\t\t\t<div class=\"elementor-spacer\">\n\t\t\t<div class=\"elementor-spacer-inner\"><\/div>\n\t\t<\/div>\n\t\t\t\t\t\t<\/div>\n\t\t\t\t<\/div>\n\t\t\t\t<div class=\"elementor-element elementor-element-ee273d6 aleft elementor-widget elementor-widget-wgl-text-editor\" data-id=\"ee273d6\" data-element_type=\"widget\" data-widget_type=\"wgl-text-editor.default\">\n\t\t\t\t<div class=\"elementor-widget-container\">\n\t\t\t\t\t<div class=\"wgl-text-editor loop_animation\"><h3 class=\"text-editor_wrapper\"><a href=\"http:\/\/silbanapodcast.com\/CLIENTES\/SILBANA25\/servicios\" target=\"_blank\"> web<\/a><a href=\"http:\/\/silbanapodcast.com\/CLIENTES\/SILBANA25\/servicios\" target=\"_blank\">gr\u00e1fico<\/a><a href=\"http:\/\/silbanapodcast.com\/CLIENTES\/SILBANA25\/servicios\" target=\"_blank\"> editorial<\/a><a href=\"http:\/\/silbanapodcast.com\/CLIENTES\/SILBANA25\/servicios\" target=\"_blank\">P\u00f3dcast<\/a><a href=\"http:\/\/silbanapodcast.com\/CLIENTES\/SILBANA25\/servicios\" target=\"_blank\">vectorial<\/a><a href=\"http:\/\/silbanapodcast.com\/CLIENTES\/SILBANA25\/servicios\" target=\"_blank\">carteler\u00eda<\/a><\/h3><div class=\"text-editor_wrapper text-editor_wrapper-clone\"><a href=\"http:\/\/silbanapodcast.com\/CLIENTES\/SILBANA25\/servicios\" target=\"_blank\"> web<\/a><a href=\"http:\/\/silbanapodcast.com\/CLIENTES\/SILBANA25\/servicios\" target=\"_blank\">gr\u00e1fico<\/a><a href=\"http:\/\/silbanapodcast.com\/CLIENTES\/SILBANA25\/servicios\" target=\"_blank\"> editorial<\/a><a href=\"http:\/\/silbanapodcast.com\/CLIENTES\/SILBANA25\/servicios\" target=\"_blank\">P\u00f3dcast<\/a><a href=\"http:\/\/silbanapodcast.com\/CLIENTES\/SILBANA25\/servicios\" target=\"_blank\">vectorial<\/a><a href=\"http:\/\/silbanapodcast.com\/CLIENTES\/SILBANA25\/servicios\" target=\"_blank\">carteler\u00eda<\/a><a href=\"http:\/\/silbanapodcast.com\/CLIENTES\/SILBANA25\/servicios\" target=\"_blank\"> web<\/a><a href=\"http:\/\/silbanapodcast.com\/CLIENTES\/SILBANA25\/servicios\" target=\"_blank\">gr\u00e1fico<\/a><a href=\"http:\/\/silbanapodcast.com\/CLIENTES\/SILBANA25\/servicios\" target=\"_blank\"> editorial<\/a><a href=\"http:\/\/silbanapodcast.com\/CLIENTES\/SILBANA25\/servicios\" target=\"_blank\">P\u00f3dcast<\/a><a href=\"http:\/\/silbanapodcast.com\/CLIENTES\/SILBANA25\/servicios\" target=\"_blank\">vectorial<\/a><a href=\"http:\/\/silbanapodcast.com\/CLIENTES\/SILBANA25\/servicios\" target=\"_blank\">carteler\u00eda<\/a><\/div><div class=\"text-editor_wrapper text-editor_wrapper-clone\"><a href=\"http:\/\/silbanapodcast.com\/CLIENTES\/SILBANA25\/servicios\" target=\"_blank\"> web<\/a><a href=\"http:\/\/silbanapodcast.com\/CLIENTES\/SILBANA25\/servicios\" target=\"_blank\">gr\u00e1fico<\/a><a href=\"http:\/\/silbanapodcast.com\/CLIENTES\/SILBANA25\/servicios\" target=\"_blank\"> editorial<\/a><a href=\"http:\/\/silbanapodcast.com\/CLIENTES\/SILBANA25\/servicios\" target=\"_blank\">P\u00f3dcast<\/a><a href=\"http:\/\/silbanapodcast.com\/CLIENTES\/SILBANA25\/servicios\" target=\"_blank\">vectorial<\/a><a href=\"http:\/\/silbanapodcast.com\/CLIENTES\/SILBANA25\/servicios\" target=\"_blank\">carteler\u00eda<\/a><a href=\"http:\/\/silbanapodcast.com\/CLIENTES\/SILBANA25\/servicios\" target=\"_blank\"> web<\/a><a href=\"http:\/\/silbanapodcast.com\/CLIENTES\/SILBANA25\/servicios\" target=\"_blank\">gr\u00e1fico<\/a><a href=\"http:\/\/silbanapodcast.com\/CLIENTES\/SILBANA25\/servicios\" target=\"_blank\"> editorial<\/a><a href=\"http:\/\/silbanapodcast.com\/CLIENTES\/SILBANA25\/servicios\" target=\"_blank\">P\u00f3dcast<\/a><a href=\"http:\/\/silbanapodcast.com\/CLIENTES\/SILBANA25\/servicios\" target=\"_blank\">vectorial<\/a><a href=\"http:\/\/silbanapodcast.com\/CLIENTES\/SILBANA25\/servicios\" target=\"_blank\">carteler\u00eda<\/a><\/div><\/div>\t\t\t\t<\/div>\n\t\t\t\t<\/div>\n\t\t\t\t<div class=\"elementor-element elementor-element-ce43b64 elementor-widget elementor-widget-spacer\" data-id=\"ce43b64\" data-element_type=\"widget\" data-widget_type=\"spacer.default\">\n\t\t\t\t<div class=\"elementor-widget-container\">\n\t\t\t\t\t\t\t<div class=\"elementor-spacer\">\n\t\t\t<div class=\"elementor-spacer-inner\"><\/div>\n\t\t<\/div>\n\t\t\t\t\t\t<\/div>\n\t\t\t\t<\/div>\n\t\t\t\t<div class=\"elementor-element elementor-element-6edbfa9 aleft elementor-widget elementor-widget-wgl-text-editor\" data-id=\"6edbfa9\" data-element_type=\"widget\" data-widget_type=\"wgl-text-editor.default\">\n\t\t\t\t<div class=\"elementor-widget-container\">\n\t\t\t\t\t<div class=\"wgl-text-editor loop_animation reverse\"><h3 class=\"text-editor_wrapper\"><a href=\"http:\/\/silbanapodcast.com\/CLIENTES\/SILBANA25\/servicios\" target=\"_blank\">marketing<\/a><span>redes<\/span><span>comunicaci\u00f3n<\/span><span>branding<\/span><span>corporativo<\/span><\/h3><div class=\"text-editor_wrapper text-editor_wrapper-clone\"><a href=\"http:\/\/silbanapodcast.com\/CLIENTES\/SILBANA25\/servicios\" target=\"_blank\">marketing<\/a><span>redes<\/span><span>comunicaci\u00f3n<\/span><span>branding<\/span><span>corporativo<\/span><a href=\"http:\/\/silbanapodcast.com\/CLIENTES\/SILBANA25\/servicios\" target=\"_blank\">marketing<\/a><span>redes<\/span><span>comunicaci\u00f3n<\/span><span>branding<\/span><span>corporativo<\/span><\/div><div class=\"text-editor_wrapper text-editor_wrapper-clone\"><a href=\"http:\/\/silbanapodcast.com\/CLIENTES\/SILBANA25\/servicios\" target=\"_blank\">marketing<\/a><span>redes<\/span><span>comunicaci\u00f3n<\/span><span>branding<\/span><span>corporativo<\/span><a href=\"http:\/\/silbanapodcast.com\/CLIENTES\/SILBANA25\/servicios\" target=\"_blank\">marketing<\/a><span>redes<\/span><span>comunicaci\u00f3n<\/span><span>branding<\/span><span>corporativo<\/span><\/div><\/div>\t\t\t\t<\/div>\n\t\t\t\t<\/div>\n\t\t\t\t<div class=\"elementor-element elementor-element-fac8f8b elementor-widget elementor-widget-spacer\" data-id=\"fac8f8b\" data-element_type=\"widget\" data-widget_type=\"spacer.default\">\n\t\t\t\t<div class=\"elementor-widget-container\">\n\t\t\t\t\t\t\t<div class=\"elementor-spacer\">\n\t\t\t<div class=\"elementor-spacer-inner\"><\/div>\n\t\t<\/div>\n\t\t\t\t\t\t<\/div>\n\t\t\t\t<\/div>\n\t\t\t\t<\/div>\n\t\t\t\t<\/div>\n\t\t","protected":false},"excerpt":{"rendered":"<p>Dise\u00f1o Publicitario Dise\u00f1o PublicitarioDise\u00f1o PublicitarioDise\u00f1o PublicitarioDise\u00f1o Publicitario (dise\u00f1o publicitario) Una peque\u00f1a muestra PORTFOLIO COMPLETO Publicitario Carteles Publicitario P\u00f3dcast Activum Publicitario Rollups Publicitario Dise\u00f1o textil Publicitario Manual Publicitario Dibujo de producto webgr\u00e1fico editorialP\u00f3dcastvectorialcarteler\u00eda webgr\u00e1fico editorialP\u00f3dcastvectorialcarteler\u00eda webgr\u00e1fico editorialP\u00f3dcastvectorialcarteler\u00eda webgr\u00e1fico editorialP\u00f3dcastvectorialcarteler\u00eda webgr\u00e1fico editorialP\u00f3dcastvectorialcarteler\u00eda marketingredescomunicaci\u00f3nbrandingcorporativo marketingredescomunicaci\u00f3nbrandingcorporativomarketingredescomunicaci\u00f3nbrandingcorporativomarketingredescomunicaci\u00f3nbrandingcorporativomarketingredescomunicaci\u00f3nbrandingcorporativo<\/p>\n","protected":false},"author":1,"featured_media":0,"parent":0,"menu_order":0,"comment_status":"closed","ping_status":"closed","template":"","meta":{"footnotes":""},"class_list":["post-119510","page","type-page","status-publish","hentry"],"_links":{"self":[{"href":"https:\/\/silbanapodcast.com\/CLIENTES\/SILBANA25\/wp-json\/wp\/v2\/pages\/119510","targetHints":{"allow":["GET"]}}],"collection":[{"href":"https:\/\/silbanapodcast.com\/CLIENTES\/SILBANA25\/wp-json\/wp\/v2\/pages"}],"about":[{"href":"https:\/\/silbanapodcast.com\/CLIENTES\/SILBANA25\/wp-json\/wp\/v2\/types\/page"}],"author":[{"embeddable":true,"href":"https:\/\/silbanapodcast.com\/CLIENTES\/SILBANA25\/wp-json\/wp\/v2\/users\/1"}],"replies":[{"embeddable":true,"href":"https:\/\/silbanapodcast.com\/CLIENTES\/SILBANA25\/wp-json\/wp\/v2\/comments?post=119510"}],"version-history":[{"count":7,"href":"https:\/\/silbanapodcast.com\/CLIENTES\/SILBANA25\/wp-json\/wp\/v2\/pages\/119510\/revisions"}],"predecessor-version":[{"id":119629,"href":"https:\/\/silbanapodcast.com\/CLIENTES\/SILBANA25\/wp-json\/wp\/v2\/pages\/119510\/revisions\/119629"}],"wp:attachment":[{"href":"https:\/\/silbanapodcast.com\/CLIENTES\/SILBANA25\/wp-json\/wp\/v2\/media?parent=119510"}],"curies":[{"name":"wp","href":"https:\/\/api.w.org\/{rel}","templated":true}]}}